{"id":106,"date":"2019-12-11T15:15:54","date_gmt":"2019-12-11T14:15:54","guid":{"rendered":"https:\/\/festiwale.zakopane.pl\/festiwal-koled\/?page_id=106"},"modified":"2020-03-10T11:02:53","modified_gmt":"2020-03-10T10:02:53","slug":"historia","status":"publish","type":"page","link":"https:\/\/archiwum.festiwale.zakopane.pl\/wiosna-jazzowa\/o-festiwalu\/historia\/","title":{"rendered":"Historia"},"content":{"rendered":"<p><strong>Zakopia\u0144ska Wiosna Jazzowa to muzyczne wydarzenie<\/strong>,\u00a0<strong>kt\u00f3re na sta\u0142e wpisa\u0142o si\u0119 w kulturalny kalendarz Zakopanego<\/strong>. Po raz pierwszy zosta\u0142a zorganizowana pocz\u0105tkiem maja 2004 roku, gdy Unia Europejska zosta\u0142a rozszerzona o kolejnych cz\u0142onk\u00f3w, w tym Polsk\u0119. Od tamtej pory, b\u0119d\u0105c cz\u0119\u015bci\u0105 United Europe Jazz Festival, nie tylko upami\u0119tnia t\u0119 wa\u017cn\u0105 dla naszego kraju dat\u0119, ale przede wszystkim jest okazj\u0105 do wsp\u00f3\u0142pracy i prezentacji muzyk\u00f3w z Grupy Wyszehradzkiej. Festiwal opr\u00f3cz wsp\u00f3\u0142czesnych akcent\u00f3w doskonale wpisuje si\u0119 tak\u017ce w tradycj\u0119. Jazz w Zakopanem rozbrzmiewa\u0142 bowiem ju\u017c w latach 30. XX wieku.<\/p>\n<p>United Europe Jazz Festival odbywa si\u0119 w okresie od ko\u0144ca kwietnia do po\u0142owy maja tak\u017ce w miastach: Banska Bystrica (SK), Hradec Kralove (CZ) i Salgotarjan (HU). Dzi\u0119ki niemu mo\u017cliwa jest wymiana zespo\u0142\u00f3w jazzowych, wzbogacaj\u0105ca \u017cycie kulturalne i spo\u0142eczne.<\/p>\n<p>Zakopia\u0144ski festiwal wyr\u00f3\u017cnia si\u0119 z pewno\u015bci\u0105 bogatym programem oraz plejad\u0105 polskich i zagranicznych gwiazd, kt\u00f3re przyci\u0105gaj\u0105 mi\u0142o\u015bnik\u00f3w jazzu pod Tatry. W trakcie szesnastu edycji festiwalu go\u015bcili\u015bmy artyst\u00f3w m.in. z Ameryki, Wielkiej Brytanii, Niemiec, Estonii, W\u0142och i Czech, a byli w\u015br\u00f3d nich Chris Barber, Enrico Rava, Ondrej Havelka, Stanley Breckenridge, legendarny Golden Gate Quartet, Jacksons Singers, Harriet Lewis, czy te\u017c Nigel Kennedy. Polsk\u0105 scen\u0119 jazzow\u0105 reprezentowali m.in. Tomasz Sta\u0144ko, Wojciech Karolak, Janusz Muniak, Urszula Dudziak, Zbigniew Namys\u0142owski, Piotr Baron, Janusz Muniak, Adam Ba\u0142dych, Leszek Mo\u017cd\u017cer, W\u0142odek Pawlik.<\/p>\n<p><strong>WIOSNA JAZZOWA ZAKOPANE 2020<\/strong><\/p>\n<p><strong>17th United Europe Jazz Festival<\/strong><\/p>\n<p><strong>\u201eJe\u015bli jazz na szczytach, to tylko w Zakopanem\u201d \u2013 to has\u0142o ju\u017c po raz siedemnasty b\u0119dzie towarzyszy\u0107 muzyce synkopowanej, rozbrzmiewaj\u0105cej pod Tatrami mi\u0119dzy 29. kwietnia a 2. maja. W tych dniach Zakopane zn\u00f3w stanie si\u0119 \u015bwiatowym centrum jazzu, goszcz\u0105c artyst\u00f3w z najwy\u017cszej p\u00f3\u0142ki i rzesze wiernych fan\u00f3w.<\/strong><\/p>\n<p>Wiosna Jazzowa od pocz\u0105tku istnienia by\u0142a wa\u017cnym punktem w muzycznym kalendarzu Zakopanego. Z czasem sta\u0142a si\u0119 jednym z najbardziej znacz\u0105cych festiwali jazzowych w Polsce i wsp\u00f3\u0142pracuj\u0105cych z nim krajach Grupy Wyszehradzkiej, a w 2012 do\u0142\u0105czy\u0142a do ekskluzywnego grona imprez, fetuj\u0105cych International Jazz Day pod patronatem UNESCO.<\/p>\n<p>W tym roku organizatorzy przygotowali wyj\u0105tkowo bogaty i zr\u00f3\u017cnicowany program, obejmuj\u0105cy wszystkie wa\u017cniejsze odmiany jazzu.<\/p>\n<p><strong>Gor\u0105co polecamy wszystkie koncerty, maj\u0105c nadziej\u0119, \u017ce muzyka zaproszonych artyst\u00f3w dostarczy Pa\u0144stwu wielu inspiruj\u0105cych wra\u017ce\u0144.<\/strong><\/p>\n<p><strong>Tak samo magnetyczne jak nazwiska muzyk\u00f3w s\u0105 r\u00f3wnie\u017c pi\u0119kne tatrza\u0144skie krajobrazy i budz\u0105ca si\u0119 o tej porze roku do \u017cycia przyroda. Z roku na rok przybywa wi\u0119c fan\u00f3w jazzu i Zakopanego, a festiwal wci\u0105\u017c si\u0119 rozwija z my\u015bl\u0105 o melomanach i wszystkich go\u015bciach przybywaj\u0105cych wiosn\u0105 pod Tatry.<\/strong><\/p>\n","protected":false},"excerpt":{"rendered":"<p>Zakopia\u0144ska Wiosna Jazzowa to muzyczne wydarzenie,\u00a0kt\u00f3re na sta\u0142e wpisa\u0142o si\u0119 w kulturalny kalendarz Zakopanego. Po [&hellip;]<\/p>\n","protected":false},"author":1,"featured_media":0,"parent":104,"menu_order":0,"comment_status":"closed","ping_status":"closed","template":"","meta":[],"acf":[],"_links":{"self":[{"href":"https:\/\/archiwum.festiwale.zakopane.pl\/wiosna-jazzowa\/wp-json\/wp\/v2\/pages\/106"}],"collection":[{"href":"https:\/\/archiwum.festiwale.zakopane.pl\/wiosna-jazzowa\/wp-json\/wp\/v2\/pages"}],"about":[{"href":"https:\/\/archiwum.festiwale.zakopane.pl\/wiosna-jazzowa\/wp-json\/wp\/v2\/types\/page"}],"author":[{"embeddable":true,"href":"https:\/\/archiwum.festiwale.zakopane.pl\/wiosna-jazzowa\/wp-json\/wp\/v2\/users\/1"}],"replies":[{"embeddable":true,"href":"https:\/\/archiwum.festiwale.zakopane.pl\/wiosna-jazzowa\/wp-json\/wp\/v2\/comments?post=106"}],"version-history":[{"count":3,"href":"https:\/\/archiwum.festiwale.zakopane.pl\/wiosna-jazzowa\/wp-json\/wp\/v2\/pages\/106\/revisions"}],"predecessor-version":[{"id":210,"href":"https:\/\/archiwum.festiwale.zakopane.pl\/wiosna-jazzowa\/wp-json\/wp\/v2\/pages\/106\/revisions\/210"}],"up":[{"embeddable":true,"href":"https:\/\/archiwum.festiwale.zakopane.pl\/wiosna-jazzowa\/wp-json\/wp\/v2\/pages\/104"}],"wp:attachment":[{"href":"https:\/\/archiwum.festiwale.zakopane.pl\/wiosna-jazzowa\/wp-json\/wp\/v2\/media?parent=106"}],"curies":[{"name":"wp","href":"https:\/\/api.w.org\/{rel}","templated":true}]}}