{"id":106,"date":"2019-12-11T15:15:54","date_gmt":"2019-12-11T14:15:54","guid":{"rendered":"https:\/\/festiwale.zakopane.pl\/festiwal-koled\/?page_id=106"},"modified":"2020-10-01T09:13:38","modified_gmt":"2020-10-01T07:13:38","slug":"historia","status":"publish","type":"page","link":"https:\/\/archiwum.festiwale.zakopane.pl\/festiwal-inspirowane-gorami-2020\/o-festiwalu\/historia\/","title":{"rendered":"Historia"},"content":{"rendered":"<p>Szanowni Pa\u0144stwo,<\/p>\n<p>Interdyscyplinarne wydarzenie organizowane jest przez Burmistrza Miasta Zakopane w celu upami\u0119tnienia nadania Zakopanemu praw miejskich w roku 1933, kt\u00f3re na sta\u0142e wpisa\u0142o si\u0119 w kalendarz jesiennych imprez kulturalnych naszego miasta. Celem festiwalu jest pokazanie tw\u00f3rczo\u015bci w r\u00f3\u017cnych dziedzinach, kt\u00f3rej \u017ar\u00f3d\u0142em jest fascynacja g\u00f3rami, w tym tak\u017ce Tatrami oraz miastem le\u017c\u0105cym u ich podn\u00f3\u017ca, z jego ciekaw\u0105 kultur\u0105 i histori\u0105. Festiwal jest r\u00f3wnie\u017c okazj\u0105 do spotkania i wsp\u00f3lnego \u015bwi\u0119towania kolejnego jubileuszu przez mieszka\u0144c\u00f3w i turyst\u00f3w ceni\u0105cych uroki pi\u0119kniej tatrza\u0144skiej jesieni.<\/p>\n<p>Festiwal od trzeciej edycji jest dedykowany Maciejowi Berbece, kt\u00f3ry w 2013 roku zgin\u0105\u0142 na Braod Peaku. 29 kwietnia 2018 roku, po wyniszczaj\u0105cej chorobie zmar\u0142a Ewa Dyakowska \u2013 Berbeka. 19 pa\u017adziernika 2018 roku w Teatrze im. St. I. Witkiewicza odby\u0142o si\u0119 uroczyste og\u0142oszenie Patron\u00f3w Festiwalu \u2013 Zakopia\u0144czyk\u00f3w pracuj\u0105cych i dzia\u0142aj\u0105cych spo\u0142ecznie w Zakopanem, zaanga\u017cowanych w organizacj\u0119 Festiwalu.<\/p>\n<p>&nbsp;<\/p>\n<p>&nbsp;<\/p>\n<p>&nbsp;<\/p>\n<p style=\"text-align: right\">\n","protected":false},"excerpt":{"rendered":"<p>Szanowni Pa\u0144stwo, Interdyscyplinarne wydarzenie organizowane jest przez Burmistrza Miasta Zakopane w celu upami\u0119tnienia nadania Zakopanemu [&hellip;]<\/p>\n","protected":false},"author":1,"featured_media":249,"parent":104,"menu_order":0,"comment_status":"closed","ping_status":"closed","template":"","meta":[],"acf":[],"_links":{"self":[{"href":"https:\/\/archiwum.festiwale.zakopane.pl\/festiwal-inspirowane-gorami-2020\/wp-json\/wp\/v2\/pages\/106"}],"collection":[{"href":"https:\/\/archiwum.festiwale.zakopane.pl\/festiwal-inspirowane-gorami-2020\/wp-json\/wp\/v2\/pages"}],"about":[{"href":"https:\/\/archiwum.festiwale.zakopane.pl\/festiwal-inspirowane-gorami-2020\/wp-json\/wp\/v2\/types\/page"}],"author":[{"embeddable":true,"href":"https:\/\/archiwum.festiwale.zakopane.pl\/festiwal-inspirowane-gorami-2020\/wp-json\/wp\/v2\/users\/1"}],"replies":[{"embeddable":true,"href":"https:\/\/archiwum.festiwale.zakopane.pl\/festiwal-inspirowane-gorami-2020\/wp-json\/wp\/v2\/comments?post=106"}],"version-history":[{"count":1,"href":"https:\/\/archiwum.festiwale.zakopane.pl\/festiwal-inspirowane-gorami-2020\/wp-json\/wp\/v2\/pages\/106\/revisions"}],"predecessor-version":[{"id":248,"href":"https:\/\/archiwum.festiwale.zakopane.pl\/festiwal-inspirowane-gorami-2020\/wp-json\/wp\/v2\/pages\/106\/revisions\/248"}],"up":[{"embeddable":true,"href":"https:\/\/archiwum.festiwale.zakopane.pl\/festiwal-inspirowane-gorami-2020\/wp-json\/wp\/v2\/pages\/104"}],"wp:featuredmedia":[{"embeddable":true,"href":"https:\/\/archiwum.festiwale.zakopane.pl\/festiwal-inspirowane-gorami-2020\/wp-json\/wp\/v2\/media\/249"}],"wp:attachment":[{"href":"https:\/\/archiwum.festiwale.zakopane.pl\/festiwal-inspirowane-gorami-2020\/wp-json\/wp\/v2\/media?parent=106"}],"curies":[{"name":"wp","href":"https:\/\/api.w.org\/{rel}","templated":true}]}}