{"id":145,"date":"2019-12-11T21:33:23","date_gmt":"2019-12-11T20:33:23","guid":{"rendered":"https:\/\/festiwale.zakopane.pl\/festiwal-koled\/?page_id=145"},"modified":"2021-05-07T08:47:49","modified_gmt":"2021-05-07T06:47:49","slug":"kontakt","status":"publish","type":"page","link":"http:\/\/archiwum.festiwale.zakopane.pl\/zlote-kierpce\/kontakt\/","title":{"rendered":"Kontakt"},"content":{"rendered":"<h3>Urz\u0105d Miasta Zakopane<br \/>\nWydzia\u0142 Kultury<\/h3>\n<div>\n<p>ul. Ko\u015bciuszki 13<br \/>\n34-500 Zakopane<\/p>\n<p>tel. +48 18 20 20 436<\/p>\n<p><a href=\"kultura@zakopane.eu\">kultura@zakopane.eu<\/a><\/p>\n<\/div>\n","protected":false},"excerpt":{"rendered":"<p>Urz\u0105d Miasta Zakopane Wydzia\u0142 Kultury ul. Ko\u015bciuszki 13 34-500 Zakopane tel. +48 18 20 20 [&hellip;]<\/p>\n","protected":false},"author":1,"featured_media":0,"parent":0,"menu_order":0,"comment_status":"closed","ping_status":"closed","template":"contact-page.php","meta":[],"acf":[],"_links":{"self":[{"href":"http:\/\/archiwum.festiwale.zakopane.pl\/zlote-kierpce\/wp-json\/wp\/v2\/pages\/145"}],"collection":[{"href":"http:\/\/archiwum.festiwale.zakopane.pl\/zlote-kierpce\/wp-json\/wp\/v2\/pages"}],"about":[{"href":"http:\/\/archiwum.festiwale.zakopane.pl\/zlote-kierpce\/wp-json\/wp\/v2\/types\/page"}],"author":[{"embeddable":true,"href":"http:\/\/archiwum.festiwale.zakopane.pl\/zlote-kierpce\/wp-json\/wp\/v2\/users\/1"}],"replies":[{"embeddable":true,"href":"http:\/\/archiwum.festiwale.zakopane.pl\/zlote-kierpce\/wp-json\/wp\/v2\/comments?post=145"}],"version-history":[{"count":3,"href":"http:\/\/archiwum.festiwale.zakopane.pl\/zlote-kierpce\/wp-json\/wp\/v2\/pages\/145\/revisions"}],"predecessor-version":[{"id":824,"href":"http:\/\/archiwum.festiwale.zakopane.pl\/zlote-kierpce\/wp-json\/wp\/v2\/pages\/145\/revisions\/824"}],"wp:attachment":[{"href":"http:\/\/archiwum.festiwale.zakopane.pl\/zlote-kierpce\/wp-json\/wp\/v2\/media?parent=145"}],"curies":[{"name":"wp","href":"https:\/\/api.w.org\/{rel}","templated":true}]}}