{"id":78,"date":"2019-12-11T11:10:12","date_gmt":"2019-12-11T10:10:12","guid":{"rendered":"https:\/\/festiwale.zakopane.pl\/festiwal-koled\/?page_id=78"},"modified":"2020-02-25T10:26:28","modified_gmt":"2020-02-25T09:26:28","slug":"polityka-prywatnosci","status":"publish","type":"page","link":"http:\/\/archiwum.festiwale.zakopane.pl\/przeglad-filmow-o-sztuce\/polityka-prywatnosci\/","title":{"rendered":"Polityka prywatno\u015bci"},"content":{"rendered":"<div id=\"widget_7be58e91-f83f-478a-8eb5-c4d7cd2faf06\" class=\"widget velacms-widget-rich-content \" data-widget-id=\"f64e846d-3b66-442e-97de-91b3955794c0\" data-widget-type=\"velacms-widget-rich-content\" data-widget-locked=\"\">\n<div class=\"widget-content\">\n<div class=\"innerHtml section__desc section__desc--left\">\n<p><strong>Polityka serwisu zwi\u0105zana z cookies<\/strong><\/p>\n<p>Realizacja obowi\u0105zk\u00f3w wynikaj\u0105cych z art. 173 i 174 ustawy z dnia 16 lipca 2004 r. Prawo Telekomunikacyjne (Dz. U. Nr 171, poz. 1800 z p\u00f3\u017aniejszymi zmianami)<\/p>\n<p>Niniejsza Polityka okre\u015bla zasady przechowywania i dost\u0119pu do informacji na urz\u0105dzeniach U\u017cytkownika za pomoc\u0105 plik\u00f3w Cookies, s\u0142u\u017c\u0105cych realizacji us\u0142ug \u017c\u0105danych przez U\u017cytkownika, \u015bwiadczonych drog\u0105 elektroniczn\u0105 przez Urz\u0105d Miasta Zakopane.<\/p>\n<p><strong>S\u0142ownik poj\u0119\u0107<\/strong><\/p>\n<ol>\n<li>Administrator &#8211; oznacza Urz\u0105d Miasta Zakopane ul. Ko\u015bciuszki 13, 34-500 Zakopane, kt\u00f3ry \u015bwiadczy us\u0142ugi drog\u0105 elektroniczn\u0105 oraz przechowuje i uzyskuje dost\u0119p do informacji w urz\u0105dzeniach U\u017cytkownika.<\/li>\n<li>Cookies &#8211; oznacza dane informatyczne, w szczeg\u00f3lno\u015bci niewielkie pliki tekstowe, zapisywane i przechowywane na urz\u0105dzeniach za po\u015brednictwem, kt\u00f3rych U\u017cytkownik korzysta ze stron internetowych.<\/li>\n<li>Cookies Administratora &#8211; oznacza Cookies zamieszczane przez Administratora, zwi\u0105zane ze \u015bwiadczeniem us\u0142ug drog\u0105 elektroniczn\u0105 przez Administratora za po\u015brednictwem Serwisu.<\/li>\n<li>Cookies Zewn\u0119trzne &#8211; oznacza Cookies zamieszczane przez partner\u00f3w Administratora, za po\u015brednictwem strony internetowej Serwisu.<\/li>\n<li>Serwis &#8211; oznacza stron\u0119 internetow\u0105 lub aplikacj\u0119, pod kt\u00f3r\u0105 Administrator prowadzi serwis internetowy.<\/li>\n<li>Urz\u0105dzenie &#8211; oznacza elektroniczne urz\u0105dzenie za po\u015brednictwem, kt\u00f3rego U\u017cytkownik uzyskuje dost\u0119p do Serwisu.<\/li>\n<li>U\u017cytkownik &#8211; oznacza podmiot, na rzecz kt\u00f3rego zgodnie z Regulaminem i przepisami prawa mog\u0105 by\u0107 \u015bwiadczone us\u0142ugi drog\u0105 elektroniczn\u0105 lub z kt\u00f3rym zawarta mo\u017ce by\u0107 Umowa o \u015bwiadczenie us\u0142ug drog\u0105 elektroniczn\u0105.<\/li>\n<\/ol>\n<p><strong>Rodzaje wykorzystywanych Cookies<\/strong><\/p>\n<ol>\n<li>Stosowane przez Administratora Cookies s\u0105 bezpieczne dla Urz\u0105dzenia U\u017cytkownika. W szczeg\u00f3lno\u015bci t\u0105 drog\u0105 nie jest mo\u017cliwe przedostanie si\u0119 do Urz\u0105dze\u0144 U\u017cytkownik\u00f3w wirus\u00f3w lub innego niechcianego oprogramowania, lub oprogramowania z\u0142o\u015bliwego. Pliki te pozwalaj\u0105 zidentyfikowa\u0107 oprogramowanie wykorzystywane przez U\u017cytkownika i dostosowa\u0107 Serwis indywidualnie do ka\u017cdego U\u017cytkownika. Cookies zazwyczaj zawieraj\u0105 nazw\u0119 domeny z kt\u00f3rej pochodz\u0105, czas przechowywania ich na Urz\u0105dzeniu oraz przypisan\u0105 warto\u015b\u0107.<\/li>\n<li>Administrator wykorzystuje dwa typy plik\u00f3w cookies:\n<ol>\n<li>Cookies sesyjne: s\u0105 przechowywane na Urz\u0105dzeniu U\u017cytkownika i pozostaj\u0105 tam do momentu zako\u0144czenia sesji danej przegl\u0105darki. Zapisane informacje s\u0105 w\u00f3wczas trwale usuwane z pami\u0119ci Urz\u0105dzenia. Mechanizm cookies sesyjnych nie pozwala na pobieranie jakichkolwiek danych osobowych ani \u017cadnych informacji poufnych z Urz\u0105dzenia U\u017cytkownika.<\/li>\n<li>Cookies trwa\u0142e: s\u0105 przechowywane na Urz\u0105dzeniu U\u017cytkownika i pozostaj\u0105 tam do momentu ich skasowania. Zako\u0144czenie sesji danej przegl\u0105darki lub wy\u0142\u0105czenie Urz\u0105dzenia nie powoduje ich usuni\u0119cia z Urz\u0105dzenia U\u017cytkownika. Mechanizm cookies trwa\u0142ych nie pozwala na pobieranie jakichkolwiek danych osobowych ani \u017cadnych informacji poufnych z Urz\u0105dzenia U\u017cytkownika.<\/li>\n<\/ol>\n<\/li>\n<li>U\u017cytkownik ma mo\u017cliwo\u015b\u0107 ograniczenia lub wy\u0142\u0105czenia dost\u0119pu plik\u00f3w cookies do swojego Urz\u0105dzenia. W przypadku w\u0142\u0105czenia z tej opcji, korzystanie ze Serwisu b\u0119dzie mo\u017cliwe, poza funkcjami, kt\u00f3re ze swojej natury wymagaj\u0105 plik\u00f3w cookies.<\/li>\n<\/ol>\n<p><strong>Cele w jakich wykorzystywane s\u0105 Cookies<\/strong><\/p>\n<ol>\n<li>Administrator wykorzystuje <strong>Cookies W\u0142asne<\/strong> w nast\u0119puj\u0105cych celach:\n<ol>\n<li>Konfiguracji serwisu\n<ul>\n<li>dostosowania zawarto\u015bci stron internetowych Serwisu do preferencji U\u017cytkownika oraz optymalizacji korzystania ze stron internetowych Serwisu.<\/li>\n<li>rozpoznania urz\u0105dzenia U\u017cytkownika Serwisu oraz jego lokalizacj\u0119 i odpowiednio wy\u015bwietlenia strony internetowej, dostosowanej do jego indywidualnych potrzeb;<\/li>\n<li>zapami\u0119tania ustawie\u0144 wybranych przez U\u017cytkownika i personalizacji interfejsu U\u017cytkownika, np. w zakresie wybranego j\u0119zyka lub regionu, z kt\u00f3rego pochodzi U\u017cytkownik,<\/li>\n<li>zapami\u0119tania historii odwiedzonych stron w serwisie w celu rekomendacji tre\u015bci,<\/li>\n<li>rozmiaru czcionki, wygl\u0105du strony internetowej itp&#8230;<\/li>\n<\/ul>\n<\/li>\n<li>Uwierzytelniania u\u017cytkownika w serwisie i zapewnienia sesji u\u017cytkownika w serwisie\n<ul>\n<li>utrzymania sesji U\u017cytkownika Serwisu (po zalogowaniu), dzi\u0119ki kt\u00f3rej U\u017cytkownik nie musi na ka\u017cdej podstronie Serwisu ponownie wpisywa\u0107 u\u017cytkownika i has\u0142o;<\/li>\n<li>poprawnej konfiguracji wybranych funkcji Serwisu, umo\u017cliwiaj\u0105c w szczeg\u00f3lno\u015bci weryfikacj\u0119 autentyczno\u015bci sesji przegl\u0105darki.<\/li>\n<li>optymalizacji i zwi\u0119kszenia wydajno\u015bci us\u0142ug \u015bwiadczonych przez Administratora.<\/li>\n<\/ul>\n<\/li>\n<li>Realizacji proces\u00f3w niezb\u0119dnych dla pe\u0142nej funkcjonalno\u015bci stron internetowych\n<ul>\n<li>dostosowania zawarto\u015bci stron internetowych Serwisu do preferencji U\u017cytkownika oraz optymalizacji korzystania ze stron internetowych Serwisu, w szczeg\u00f3lno\u015bci pliki te pozwalaj\u0105 rozpozna\u0107 podstawowe parametry Urz\u0105dzenia U\u017cytkownika i odpowiednio wy\u015bwietli\u0107 stron\u0119 internetow\u0105, dostosowan\u0105 do jego indywidualnych potrzeb;<\/li>\n<\/ul>\n<\/li>\n<li>Zapami\u0119tania lokalizacji u\u017cytkownika\n<ul>\n<li>poprawnej konfiguracji wybranych funkcji Serwisu, umo\u017cliwiaj\u0105c w szczeg\u00f3lno\u015bci dostosowanie dostarczanych informacji do U\u017cytkownika z uwzgl\u0119dnieniem jego lokalizacji.<\/li>\n<\/ul>\n<\/li>\n<li>Analiz i bada\u0144 oraz audytu ogl\u0105dalno\u015bci\n<ul>\n<li>tworzenia anonimowych statystyk, kt\u00f3re pomagaj\u0105 zrozumie\u0107, w jaki spos\u00f3b U\u017cytkownicy Serwisu korzystaj\u0105 ze stron internetowych Serwisu, co umo\u017cliwia ulepszanie ich struktury i zawarto\u015bci;<\/li>\n<\/ul>\n<\/li>\n<li>Zapewnienia bezpiecze\u0144stwa i niezawodno\u015bci serwisu<\/li>\n<\/ol>\n<\/li>\n<\/ol>\n<ol>\n<li>Administrator us\u0142ugi wykorzystuje <strong>Cookies Zewn\u0119trzne<\/strong> w nast\u0119puj\u0105cych celach:\n<ol>\n<li>prezentowania tre\u015bci multimedialnych na stronach internetowych Serwisu, kt\u00f3re s\u0105 pobierane z zewn\u0119trznego serwisu internetowego:\n<ul>\n<li><a href=\"http:\/\/www.youtube.com\">www.youtube.com<\/a> [administrator cookies: Google Inc z siedzib\u0105 w USA]<\/li>\n<\/ul>\n<\/li>\n<li>zbierania og\u00f3lnych i anonimowych danych statystycznych za po\u015brednictwem narz\u0119dzi analitycznych:\n<ul>\n<li>Google Analytics [administrator cookies: Google Inc z siedzib\u0105 w USA]<\/li>\n<\/ul>\n<\/li>\n<li>wykorzystania funkcji interaktywnych w celu popularyzacji serwisu za pomoc\u0105 serwis\u00f3w spo\u0142eczno\u015bciowych:\n<ul>\n<li>twitter.com [administrator cookies: Twitter Inc. z siedzib\u0105 w USA]<\/li>\n<li>plus.google.com [administrator cookies: Google Inc z siedzib\u0105 w USA]<\/li>\n<li>Facebook.com [administrator cookies: Facebook Inc z siedzib\u0105 w USA lub Facebook Ireland z siedzib\u0105 w Irlandii]<\/li>\n<li>nk.pl [administrator cookies: Nasza Klasa Sp. z o.o. z siedzib\u0105 we Wroc\u0142awiu]<\/li>\n<\/ul>\n<\/li>\n<\/ol>\n<\/li>\n<\/ol>\n<p><strong>Mo\u017cliwo\u015bci okre\u015blenia warunk\u00f3w przechowywania lub uzyskiwania dost\u0119pu przez Cookies<\/strong><\/p>\n<ol>\n<li>U\u017cytkownik mo\u017ce samodzielnie i w ka\u017cdym czasie zmieni\u0107 ustawienia dotycz\u0105ce plik\u00f3w Cookies, okre\u015blaj\u0105c warunki ich przechowywania i uzyskiwania dost\u0119pu przez pliki Cookies do Urz\u0105dzenia U\u017cytkownika. Zmiany ustawie\u0144, o kt\u00f3rych mowa w zdaniu poprzednim, U\u017cytkownik mo\u017ce dokona\u0107 za pomoc\u0105 ustawie\u0144 przegl\u0105darki internetowej lub za pomoc\u0105 konfiguracji us\u0142ugi. Ustawienia te mog\u0105 zosta\u0107 zmienione w szczeg\u00f3lno\u015bci w taki spos\u00f3b, aby blokowa\u0107 automatyczn\u0105 obs\u0142ug\u0119 plik\u00f3w cookies w ustawieniach przegl\u0105darki internetowej, b\u0105d\u017a informowa\u0107 o ich ka\u017cdorazowym zamieszczeniu Cookies na urz\u0105dzeniu U\u017cytkownika. Szczeg\u00f3\u0142owe informacje o mo\u017cliwo\u015bci i sposobach obs\u0142ugi plik\u00f3w cookies dost\u0119pne s\u0105 w ustawieniach oprogramowania (przegl\u0105darki internetowej).<\/li>\n<li>U\u017cytkownik mo\u017ce w ka\u017cdej chwili usun\u0105\u0107 pliki Cookies korzystaj\u0105c z dost\u0119pnych funkcji w przegl\u0105darce internetowej, kt\u00f3rej u\u017cywa.<\/li>\n<li>Ograniczenie stosowania plik\u00f3w Cookies, mo\u017ce wp\u0142yn\u0105\u0107 na niekt\u00f3re funkcjonalno\u015bci dost\u0119pne na stronie internetowej Serwisu.<\/li>\n<\/ol>\n<\/div>\n<\/div>\n<\/div>\n","protected":false},"excerpt":{"rendered":"<p>Polityka serwisu zwi\u0105zana z cookies Realizacja obowi\u0105zk\u00f3w wynikaj\u0105cych z art. 173 i 174 ustawy z [&hellip;]<\/p>\n","protected":false},"author":1,"featured_media":0,"parent":0,"menu_order":0,"comment_status":"closed","ping_status":"closed","template":"","meta":[],"acf":[],"_links":{"self":[{"href":"http:\/\/archiwum.festiwale.zakopane.pl\/przeglad-filmow-o-sztuce\/wp-json\/wp\/v2\/pages\/78"}],"collection":[{"href":"http:\/\/archiwum.festiwale.zakopane.pl\/przeglad-filmow-o-sztuce\/wp-json\/wp\/v2\/pages"}],"about":[{"href":"http:\/\/archiwum.festiwale.zakopane.pl\/przeglad-filmow-o-sztuce\/wp-json\/wp\/v2\/types\/page"}],"author":[{"embeddable":true,"href":"http:\/\/archiwum.festiwale.zakopane.pl\/przeglad-filmow-o-sztuce\/wp-json\/wp\/v2\/users\/1"}],"replies":[{"embeddable":true,"href":"http:\/\/archiwum.festiwale.zakopane.pl\/przeglad-filmow-o-sztuce\/wp-json\/wp\/v2\/comments?post=78"}],"version-history":[{"count":1,"href":"http:\/\/archiwum.festiwale.zakopane.pl\/przeglad-filmow-o-sztuce\/wp-json\/wp\/v2\/pages\/78\/revisions"}],"predecessor-version":[{"id":347,"href":"http:\/\/archiwum.festiwale.zakopane.pl\/przeglad-filmow-o-sztuce\/wp-json\/wp\/v2\/pages\/78\/revisions\/347"}],"wp:attachment":[{"href":"http:\/\/archiwum.festiwale.zakopane.pl\/przeglad-filmow-o-sztuce\/wp-json\/wp\/v2\/media?parent=78"}],"curies":[{"name":"wp","href":"https:\/\/api.w.org\/{rel}","templated":true}]}}