{"id":188,"date":"2019-12-12T20:12:15","date_gmt":"2019-12-12T19:12:15","guid":{"rendered":"https:\/\/festiwale.zakopane.pl\/przeglad-filmow-o-sztuce\/?page_id=188"},"modified":"2020-02-24T13:38:26","modified_gmt":"2020-02-24T12:38:26","slug":"salony-marcowe","status":"publish","type":"page","link":"http:\/\/archiwum.festiwale.zakopane.pl\/przeglad-filmow-o-sztuce\/o-festiwalu\/salony-marcowe\/","title":{"rendered":"Salony marcowe"},"content":{"rendered":"<p><strong>Od roku 2017 w program wystaw Miejskiej Galerii Sztuki na sta\u0142e wpisa\u0142 si\u0119 projekt wystawienniczy SALON MARCOWY (po wielu latach reaktywowany wraz z Przegl\u0105dem Film\u00f3w o Sztuce przez Zakopia\u0144skie Centrum Kultury\/ Miejsk\u0105 Galeri\u0119 Sztuki). Reaktywacj\u0105 Salonu Marcowego nawi\u0105zujemy do tradycji szerokiego spektrum nurt\u00f3w intelektualnych i artystycznych Zakopanego.<\/strong><\/p>\n<p>Salony Marcowe to romantyczna idea garstki artyst\u00f3w, w\u015br\u00f3d kt\u00f3rych znale\u017ali si\u0119 Tadeusz Brzozowski, Tadeusz Dominik, Maria Jarema, Roman Modzelewski, Jerzy Nowosielski i Zenon Pokrywczy\u0144ski, wspartych przez grono intelektualist\u00f3w i \u017cyczliwych krytyk\u00f3w. Pierwsze zakopia\u0144skie Salony Marcowe (1958, 1959, 1968, 1969), bez kompleksu prowincji, na d\u0142ugo przed tendencjami narastaj\u0105cymi w du\u017cych warszawskich i krakowskich \u015brodowiskach artystycznych, sta\u0142y si\u0119 autentyczn\u0105 manifestacj\u0105 sztuki wolnej, anonsuj\u0105cej najnowsze \u015bwiatowe trendy i najciekawsze, niezwykle wyraziste i bezkompromisowe postawy tw\u00f3rcze.<\/p>\n<p><strong><img loading=\"lazy\" class=\"wp-image-300 aligncenter\" src=\"http:\/\/archiwum.festiwale.zakopane.pl\/przeglad-filmow-o-sztuce\/wp-content\/uploads\/sites\/3\/2020\/02\/plakat-AKM_marzec-231x300.jpg\" alt=\"\" width=\"523\" height=\"679\" srcset=\"http:\/\/archiwum.festiwale.zakopane.pl\/przeglad-filmow-o-sztuce\/wp-content\/uploads\/sites\/3\/2020\/02\/plakat-AKM_marzec-231x300.jpg 231w, http:\/\/archiwum.festiwale.zakopane.pl\/przeglad-filmow-o-sztuce\/wp-content\/uploads\/sites\/3\/2020\/02\/plakat-AKM_marzec-787x1024.jpg 787w, http:\/\/archiwum.festiwale.zakopane.pl\/przeglad-filmow-o-sztuce\/wp-content\/uploads\/sites\/3\/2020\/02\/plakat-AKM_marzec-768x999.jpg 768w, http:\/\/archiwum.festiwale.zakopane.pl\/przeglad-filmow-o-sztuce\/wp-content\/uploads\/sites\/3\/2020\/02\/plakat-AKM_marzec-1181x1536.jpg 1181w, http:\/\/archiwum.festiwale.zakopane.pl\/przeglad-filmow-o-sztuce\/wp-content\/uploads\/sites\/3\/2020\/02\/plakat-AKM_marzec.jpg 1460w\" sizes=\"(max-width: 523px) 100vw, 523px\" \/><\/strong><\/p>\n<p>&nbsp;<\/p>\n<p>Prezentowana w Miejskiej Galerii Sztuki w Zakopanem ekspozycja dorobku jednego z najwybitniejszych tw\u00f3rc\u00f3w polskiej sztuki wsp\u00f3\u0142czesnej Andrzeja Kre\u00fctz Majewskiego &#8211; scenografa, malarza i profesora krakowskiej ASP, posiada wyj\u0105tkowy wymiar i nieprzypadkow\u0105 zbie\u017cno\u015b\u0107 dat. Jego obrazy i rysunki ukazuj\u0105 pierwszy impuls, zapis pierwotnej, rozedrganej emocji, pod\u015bwiadom\u0105 intuicj\u0119, koncepcj\u0119 w fazie \u201eprenatalnej\u201d, kt\u00f3ra jeszcze nie przyoblek\u0142a si\u0119 w skrystalizowany obraz, kt\u00f3ry p\u00f3\u017aniej za spraw\u0105 dziesi\u0105tek wsp\u00f3\u0142pracownik\u00f3w i teatralnej technologii, zyskiwa\u0142 wymiar monumentalny. Andrzej Kre\u00fctz Majewski obdarzony \u201enadwra\u017cliw\u0105 inteligencj\u0105\u201d i dramatyczn\u0105 biografi\u0105 widzia\u0142 wi\u0119cej i czu\u0142 bole\u015bnie wi\u0119cej. Pos\u0142ugiwa\u0142 si\u0119 \u015brodkami wyrazu, kt\u00f3rym bli\u017cej by\u0142o do \u015bwiata obrazowania muzycznego. W ca\u0142ym tw\u00f3rczym \u017cyciu szuka\u0142 ekwiwalentu plastycznego i emocjonalnego dla pot\u0119gi muzyki i ruchu scenicznego, bez pokusy uciekania w tradycyjny i \u0142atwy mimetyzm, realizuj\u0105c niejako postulat Mario Praza o powinowactwie sztuk. Artysta g\u0142\u0119boko zanurzony w \u015bwiat misterium muzycznego wyra\u017ca\u0142 go j\u0119zykiem \u201eczystej formy\u201d &#8211; kolorem, kompozycj\u0105, rytmem, kontrastem, dominant\u0105 etc. Dla wyra\u017cenia uniwersalnych, ontologicznych prawd szuka\u0142 archetypicznych symboli i metafor z r\u00f3\u017cnych obszar\u00f3w kulturowych, od sacrum do profanum, posiadaj\u0105cych niezwyk\u0142e nasycenie ekspresj\u0105 i emocjami.<\/p>\n<p>Andrzej Kre\u00fctz Majewski by\u0142 arystokrat\u0105 z ducha i urodzenia. By\u0142 ostatnim spadkobierc\u0105 i \u0142\u0105cznikiem pomi\u0119dzy \u015br\u00f3dziemnomorsk\u0105 kultur\u0105 muzycznych i plastycznych gigant\u00f3w, a wsp\u00f3\u0142czesnymi nurtami b\u0119d\u0105cymi syntez\u0105 \u015brodk\u00f3w wyrazu artystycznego, absorbuj\u0105cych wszystkie zmys\u0142y. Jego scenograficzne kreacje wywiedzione z niezwyk\u0142ej wra\u017cliwo\u015bci na kolor, d\u017awi\u0119k, ruch i \u015bwiat\u0142o nie stanowi\u0142y t\u0142a dla scenicznego aktu, cz\u0119sto stawa\u0142y si\u0119 epickim komentarzem, pe\u0142nym nostalgii lub umiej\u0119tnie budowanej dramaturgii, jak g\u0142os ch\u00f3ru w antycznej tragedii. Posiada\u0142 dar niezwyk\u0142y, z ma\u0142ej notatki malarskiej zdolny by\u0142 wykreowa\u0107 monumentalny, przestrzenny \u015bwiat dla muzycznego misterium, w kt\u00f3rym aktorzy i soli\u015bci cz\u0119sto zdaj\u0105 si\u0119 by\u0107 jedynie uzupe\u0142niaj\u0105cym sztafa\u017cem.<\/p>\n<p>Artysta aktywnie uczestniczy\u0142 w uniwersalnej kulturze, wsp\u00f3\u0142pracuj\u0105c z najwybitniejszymi osobowo\u015bciami \u015bwiatowego teatru i opery, realizuj\u0105c swoje wizje na najwi\u0119kszych wsp\u00f3\u0142czesnych scenach Wiednia, Monachium, Amsterdamu, Pary\u017ca, Salzburga, Hamburga i Nowego Jorku. Jednocze\u015bnie \u015bwiadomie i tw\u00f3rczo si\u0119ga\u0142 przez 39 lat w Teatrze Wielkim po w\u0105tki polskie, a zakopia\u0144skie w szczeg\u00f3lno\u015bci. Jego fascynacja Kar\u0142owiczem i Szymanowskim, wsp\u00f3\u0142praca z Sergem Lifarem &#8211; legendarnym solist\u0105 paryskiej premiery \u201eHarnasi\u201d, cz\u0119ste pobyty w Zakopanem, \u017cywy kontakt ze \u015brodowiskiem artyst\u00f3w zakopia\u0144skich, czy niezwykle interesuj\u0105ce scenografie dla Teatru Witkacego, to kolejne przyczynki dla tezy o wra\u017cliwo\u015bci i bogactwie biografii artystycznej Majewskiego. To tak\u017ce niezwyk\u0142a sposobno\u015b\u0107, aby dotkn\u0105\u0107 tajemnicy ukrytej pomi\u0119dzy ekspresj\u0105, a metafor\u0105.<\/p>\n<p>Lidia Rosi\u0144ska-Podle\u015bny<\/p>\n<p>z-ca dyrektora ds. artystycznych<\/p>\n<p>&nbsp;<\/p>\n<p>&nbsp;<\/p>\n<p>&nbsp;<\/p>\n<p>&nbsp;<\/p>\n","protected":false},"excerpt":{"rendered":"<p>Od roku 2017 w program wystaw Miejskiej Galerii Sztuki na sta\u0142e wpisa\u0142 si\u0119 projekt wystawienniczy [&hellip;]<\/p>\n","protected":false},"author":1,"featured_media":0,"parent":104,"menu_order":0,"comment_status":"closed","ping_status":"closed","template":"","meta":[],"acf":[],"_links":{"self":[{"href":"http:\/\/archiwum.festiwale.zakopane.pl\/przeglad-filmow-o-sztuce\/wp-json\/wp\/v2\/pages\/188"}],"collection":[{"href":"http:\/\/archiwum.festiwale.zakopane.pl\/przeglad-filmow-o-sztuce\/wp-json\/wp\/v2\/pages"}],"about":[{"href":"http:\/\/archiwum.festiwale.zakopane.pl\/przeglad-filmow-o-sztuce\/wp-json\/wp\/v2\/types\/page"}],"author":[{"embeddable":true,"href":"http:\/\/archiwum.festiwale.zakopane.pl\/przeglad-filmow-o-sztuce\/wp-json\/wp\/v2\/users\/1"}],"replies":[{"embeddable":true,"href":"http:\/\/archiwum.festiwale.zakopane.pl\/przeglad-filmow-o-sztuce\/wp-json\/wp\/v2\/comments?post=188"}],"version-history":[{"count":6,"href":"http:\/\/archiwum.festiwale.zakopane.pl\/przeglad-filmow-o-sztuce\/wp-json\/wp\/v2\/pages\/188\/revisions"}],"predecessor-version":[{"id":303,"href":"http:\/\/archiwum.festiwale.zakopane.pl\/przeglad-filmow-o-sztuce\/wp-json\/wp\/v2\/pages\/188\/revisions\/303"}],"up":[{"embeddable":true,"href":"http:\/\/archiwum.festiwale.zakopane.pl\/przeglad-filmow-o-sztuce\/wp-json\/wp\/v2\/pages\/104"}],"wp:attachment":[{"href":"http:\/\/archiwum.festiwale.zakopane.pl\/przeglad-filmow-o-sztuce\/wp-json\/wp\/v2\/media?parent=188"}],"curies":[{"name":"wp","href":"https:\/\/api.w.org\/{rel}","templated":true}]}}