{"id":114,"date":"2019-12-11T16:13:32","date_gmt":"2019-12-11T15:13:32","guid":{"rendered":"https:\/\/festiwale.zakopane.pl\/festiwal-koled-2020\/?page_id=114"},"modified":"2020-12-08T11:43:10","modified_gmt":"2020-12-08T10:43:10","slug":"program","status":"publish","type":"page","link":"http:\/\/archiwum.festiwale.zakopane.pl\/festiwal-koled-2020\/program\/","title":{"rendered":"Program"},"content":{"rendered":"<p><strong>XII FESTIWAL KOL\u0118D, PASTORA\u0141EK I PIE\u015aNI BO\u017bONARODZENIOWYCH<\/strong><\/p>\n<p><strong>\u201eDobrze ze\u015b si\u0119 Jezu pod Giewontem zrodziy\u0142\u2026\u201d<\/strong><\/p>\n","protected":false},"excerpt":{"rendered":"<p>XII FESTIWAL KOL\u0118D, PASTORA\u0141EK I PIE\u015aNI BO\u017bONARODZENIOWYCH \u201eDobrze ze\u015b si\u0119 Jezu pod Giewontem zrodziy\u0142\u2026\u201d<\/p>\n","protected":false},"author":1,"featured_media":0,"parent":0,"menu_order":0,"comment_status":"closed","ping_status":"closed","template":"program-page.php","meta":[],"acf":[],"_links":{"self":[{"href":"http:\/\/archiwum.festiwale.zakopane.pl\/festiwal-koled-2020\/wp-json\/wp\/v2\/pages\/114"}],"collection":[{"href":"http:\/\/archiwum.festiwale.zakopane.pl\/festiwal-koled-2020\/wp-json\/wp\/v2\/pages"}],"about":[{"href":"http:\/\/archiwum.festiwale.zakopane.pl\/festiwal-koled-2020\/wp-json\/wp\/v2\/types\/page"}],"author":[{"embeddable":true,"href":"http:\/\/archiwum.festiwale.zakopane.pl\/festiwal-koled-2020\/wp-json\/wp\/v2\/users\/1"}],"replies":[{"embeddable":true,"href":"http:\/\/archiwum.festiwale.zakopane.pl\/festiwal-koled-2020\/wp-json\/wp\/v2\/comments?post=114"}],"version-history":[{"count":5,"href":"http:\/\/archiwum.festiwale.zakopane.pl\/festiwal-koled-2020\/wp-json\/wp\/v2\/pages\/114\/revisions"}],"predecessor-version":[{"id":651,"href":"http:\/\/archiwum.festiwale.zakopane.pl\/festiwal-koled-2020\/wp-json\/wp\/v2\/pages\/114\/revisions\/651"}],"wp:attachment":[{"href":"http:\/\/archiwum.festiwale.zakopane.pl\/festiwal-koled-2020\/wp-json\/wp\/v2\/media?parent=114"}],"curies":[{"name":"wp","href":"https:\/\/api.w.org\/{rel}","templated":true}]}}