{"id":195,"date":"2019-12-13T09:37:15","date_gmt":"2019-12-13T08:37:15","guid":{"rendered":"https:\/\/festiwale.zakopane.pl\/festiwal-folkloru\/?page_id=195"},"modified":"2019-12-13T09:37:15","modified_gmt":"2019-12-13T08:37:15","slug":"nagrody","status":"publish","type":"page","link":"http:\/\/archiwum.festiwale.zakopane.pl\/festiwal-folkloru-2020\/nagrody\/","title":{"rendered":"Nagrody"},"content":{"rendered":"<div class=\"post-title\">\n<h3>Nagrody Festiwalowe<\/h3>\n<\/div>\n<div class=\"post-content clearfix\">\n<div id=\"velacms-children-container-d7a29ec3-a7af-442a-8818-f2017a6da83a\" class=\"clearfix velacms-children-container\">\n<div id=\"widget_039aad4c-ceb0-4dcf-8a75-cc17cc7462cc\" class=\"widget velacms-widget-rich-content\" data-widget-id=\"3cf7cd8e-25b0-4425-bfb9-7b72d935322e\" data-widget-type=\"velacms-widget-rich-content\" data-widget-locked=\"\">\n<div class=\"widget-content\">\n<div class=\"innerHtml\">\n<h4>W ka\u017cdej kategorii jury dysponuje nast\u0119puj\u0105cymi nagrodami g\u0142\u00f3wnymi:<\/h4>\n<ul>\n<li>Nagroda I &#8222;Z\u0142ota Ciupaga&#8221;<\/li>\n<li>Nagroda II &#8222;Srebrna Ciupaga&#8221;<\/li>\n<li>Nagroda III &#8222;Br\u0105zowa Ciupaga&#8221;<\/li>\n<\/ul>\n<p>Organizatorzy\u00a0przewiduj\u0105 dla zdobywc\u00f3w &#8222;<strong>Z\u0142otych Ciupag<\/strong>&#8221; nagrody pieni\u0119\u017cne w wysoko\u015bci 5000 PLN.<\/p>\n<p>G\u0142\u00f3wne nagrody ufundowane s\u0105 przez Ministra Kultury i Dziedzictwa Narodowego.<\/p>\n<p>Dodatkowymi nagrodami regulaminowymi s\u0105 wyr\u00f3\u017cnienia w formie &#8222;<strong>Parzenicy g\u00f3ralskiej<\/strong>&#8221; &#8211; przyznawane zespo\u0142om nie nagrodzonym nagrodami g\u0142\u00f3wnymi, za bardzo dobre lub dobre wykonanie cz\u0119\u015bci programu, np. \u015bpiew, taniec, obrz\u0119dy.<\/p>\n<p>Przewidziane s\u0105 r\u00f3wnie\u017c nagrody pozaregulaminowe i upominki dla zespo\u0142\u00f3w, ufundowane przez instytucje i organizacje wsp\u00f3\u0142uczestnicz\u0105ce w przygotowaniu festiwalu, m.in.:<\/p>\n<ul>\n<li>Nagroda Dziennikarzy akredytowanych przy Festiwalu<\/li>\n<li>Nagroda Publiczno\u015bci<\/li>\n<\/ul>\n<p>W Mi\u0119dzynarodowym Konkursie Kapel, \u015apiewak\u00f3w i Instrumentalist\u00f3w Ludowych nagrodami s\u0105: &#8222;<strong>Z\u0142ote zbyrkad\u0142a<\/strong>&#8221; oraz wyr\u00f3\u017cnienia w formie nagr\u00f3d rzeczowych.<\/p>\n<p>Wszyscy uczestnicy otrzymuj\u0105 dyplomy uczestnictwa.<\/p>\n<\/div>\n<\/div>\n<\/div>\n<div id=\"widget_aeddbec4-2b67-468b-8d95-62a8ca6b40a9\" class=\"widget velacms-widget-gallery\" data-widget-id=\"5603eac9-129a-4d8c-beab-f9a3ee62116b\" data-widget-type=\"velacms-widget-gallery\" data-widget-locked=\"\">\n<div class=\"widget-content\">\n<div class=\"clearfix\">\n<div class=\"galleryThumbnail\"><a class=\"fancybox cboxElement\" href=\"http:\/\/archiwum.festiwale.zakopane.pl\/assets\/zakopanePl\/media\/files\/53712da8-9e53-477f-b47c-118147bb541c\/ciupaga.jpg\" rel=\"group\"><img loading=\"lazy\" class=\"\" src=\"http:\/\/archiwum.festiwale.zakopane.pl\/assets\/zakopanePl\/media\/files\/53712da8-9e53-477f-b47c-118147bb541c\/ciupaga.jpg\" width=\"333\" height=\"500\" \/><\/a><a class=\"fancybox cboxElement\" href=\"http:\/\/archiwum.festiwale.zakopane.pl\/assets\/zakopanePl\/media\/files\/49540019-1407-4d57-98e8-118c063cd3cf\/dsc-5635.jpg\" rel=\"group\"><img loading=\"lazy\" class=\"\" src=\"http:\/\/archiwum.festiwale.zakopane.pl\/assets\/zakopanePl\/media\/files\/49540019-1407-4d57-98e8-118c063cd3cf\/dsc-5635.jpg\" width=\"333\" height=\"499\" \/><\/a><a class=\"fancybox cboxElement\" href=\"http:\/\/archiwum.festiwale.zakopane.pl\/assets\/zakopanePl\/media\/files\/a85aa06c-87cf-4626-aa1a-85404f73f116\/dsc-5626.jpg\" rel=\"group\"><img loading=\"lazy\" class=\"\" src=\"http:\/\/archiwum.festiwale.zakopane.pl\/assets\/zakopanePl\/media\/files\/a85aa06c-87cf-4626-aa1a-85404f73f116\/dsc-5626.jpg\" width=\"333\" height=\"500\" \/><\/a><\/div>\n<div class=\"galleryThumbnail\"><\/div>\n<p>&nbsp;<\/p>\n<div class=\"galleryThumbnail\"><\/div>\n<\/div>\n<\/div>\n<\/div>\n<\/div>\n<\/div>\n","protected":false},"excerpt":{"rendered":"<p>Nagrody Festiwalowe W ka\u017cdej kategorii jury dysponuje nast\u0119puj\u0105cymi nagrodami g\u0142\u00f3wnymi: Nagroda I &#8222;Z\u0142ota Ciupaga&#8221; Nagroda [&hellip;]<\/p>\n","protected":false},"author":1,"featured_media":0,"parent":0,"menu_order":0,"comment_status":"closed","ping_status":"closed","template":"","meta":[],"acf":[],"_links":{"self":[{"href":"http:\/\/archiwum.festiwale.zakopane.pl\/festiwal-folkloru-2020\/wp-json\/wp\/v2\/pages\/195"}],"collection":[{"href":"http:\/\/archiwum.festiwale.zakopane.pl\/festiwal-folkloru-2020\/wp-json\/wp\/v2\/pages"}],"about":[{"href":"http:\/\/archiwum.festiwale.zakopane.pl\/festiwal-folkloru-2020\/wp-json\/wp\/v2\/types\/page"}],"author":[{"embeddable":true,"href":"http:\/\/archiwum.festiwale.zakopane.pl\/festiwal-folkloru-2020\/wp-json\/wp\/v2\/users\/1"}],"replies":[{"embeddable":true,"href":"http:\/\/archiwum.festiwale.zakopane.pl\/festiwal-folkloru-2020\/wp-json\/wp\/v2\/comments?post=195"}],"version-history":[{"count":1,"href":"http:\/\/archiwum.festiwale.zakopane.pl\/festiwal-folkloru-2020\/wp-json\/wp\/v2\/pages\/195\/revisions"}],"predecessor-version":[{"id":196,"href":"http:\/\/archiwum.festiwale.zakopane.pl\/festiwal-folkloru-2020\/wp-json\/wp\/v2\/pages\/195\/revisions\/196"}],"wp:attachment":[{"href":"http:\/\/archiwum.festiwale.zakopane.pl\/festiwal-folkloru-2020\/wp-json\/wp\/v2\/media?parent=195"}],"curies":[{"name":"wp","href":"https:\/\/api.w.org\/{rel}","templated":true}]}}